{"id":29,"date":"2024-06-21T12:31:50","date_gmt":"2024-06-21T12:31:50","guid":{"rendered":"https:\/\/cantor-foerderverein.de\/?page_id=29"},"modified":"2024-07-01T11:28:12","modified_gmt":"2024-07-01T11:28:12","slug":"impressum","status":"publish","type":"page","link":"https:\/\/cantor-foerderverein.de\/index.php\/impressum\/","title":{"rendered":"Impressum"},"content":{"rendered":"\n<p>F\u00f6rderverein des Cantor-Gymnasiums e. V.<br>Torstra\u00dfe 13<br>D-06110 Halle (Saale)<\/p>\n\n\n\n<p>E-Mail: <a href=\"mailto:vorstand@cantor-foerderverein.de\" target=\"_blank\" rel=\"noreferrer noopener nofollow\">vorstand(at)cantor-foerderverein.de<\/a><\/p>\n\n\n\n<p>Vereinsregister: Amtsgericht Stendal, VR 20675<br>Steuer-Nr.: 110\/142\/04263, Finanzamt Halle<\/p>\n\n\n\n<p>Der Verein wird vertreten durch den Vorstand, dieser wird vertreten durch den Vorsitzenden Martin Bauersfeld und die stellv. Vorsitzenden Dr. Franziska Appel und Dr. Robert Szczesny.<\/p>\n\n\n\n<h2 class=\"wp-block-heading\">Haftung f\u00fcr Inhalte<\/h2>\n\n\n\n<p>Als Diensteanbieter sind wir gem\u00e4\u00df \u00a7 7 Abs.1 TMG f\u00fcr eigene Inhalte auf diesen Seiten nach den allgemeinen Gesetzen verantwortlich. Nach \u00a7\u00a7 8 bis 10 TMG sind wir als Diensteanbieter jedoch nicht verpflichtet, \u00fcbermittelte oder gespeicherte fremde Informationen zu \u00fcberwachen oder nach Umst\u00e4nden zu forschen, die auf eine rechtswidrige T\u00e4tigkeit hinweisen.<\/p>\n\n\n\n<p>Verpflichtungen zur Entfernung oder Sperrung der Nutzung von Informationen nach den allgemeinen Gesetzen bleiben hiervon unber\u00fchrt. Eine diesbez\u00fcgliche Haftung ist jedoch erst ab dem Zeitpunkt der Kenntnis einer konkreten Rechtsverletzung m\u00f6glich. Bei Bekanntwerden von entsprechenden Rechtsverletzungen werden wir diese Inhalte umgehend entfernen. (Quelle: www.e-recht24.de)<\/p>\n","protected":false},"excerpt":{"rendered":"<p>F\u00f6rderverein des Cantor-Gymnasiums e. V.Torstra\u00dfe 13D-06110 Halle (Saale) E-Mail: vorstand(at)cantor-foerderverein.de Vereinsregister: Amtsgericht Stendal, VR 20675Steuer-Nr.: 110\/142\/04263, Finanzamt Halle Der Verein wird vertreten durch den Vorstand, dieser wird vertreten durch den Vorsitzenden Martin Bauersfeld und die stellv. Vorsitzenden Dr. Franziska Appel und Dr. Robert Szczesny. Haftung f\u00fcr Inhalte Als Diensteanbieter sind wir gem\u00e4\u00df \u00a7 7 Abs.1 [&hellip;]<\/p>\n","protected":false},"author":1,"featured_media":0,"parent":0,"menu_order":0,"comment_status":"closed","ping_status":"closed","template":"","meta":{"footnotes":""},"class_list":["post-29","page","type-page","status-publish","hentry"],"yoast_head":"<!-- This site is optimized with the Yoast SEO plugin v27.0 - https:\/\/yoast.com\/product\/yoast-seo-wordpress\/ -->\n<title>Impressum - Cantor-Foerderverein<\/title>\n<meta name=\"robots\" content=\"index, follow, max-snippet:-1, max-image-preview:large, max-video-preview:-1\" \/>\n<link rel=\"canonical\" href=\"https:\/\/cantor-foerderverein.de\/index.php\/impressum\/\" \/>\n<meta property=\"og:locale\" content=\"de_DE\" \/>\n<meta property=\"og:type\" content=\"article\" \/>\n<meta property=\"og:title\" content=\"Impressum - Cantor-Foerderverein\" \/>\n<meta property=\"og:description\" content=\"F\u00f6rderverein des Cantor-Gymnasiums e. V.Torstra\u00dfe 13D-06110 Halle (Saale) E-Mail: vorstand(at)cantor-foerderverein.de Vereinsregister: Amtsgericht Stendal, VR 20675Steuer-Nr.: 110\/142\/04263, Finanzamt Halle Der Verein wird vertreten durch den Vorstand, dieser wird vertreten durch den Vorsitzenden Martin Bauersfeld und die stellv. Vorsitzenden Dr. Franziska Appel und Dr. Robert Szczesny. Haftung f\u00fcr Inhalte Als Diensteanbieter sind wir gem\u00e4\u00df \u00a7 7 Abs.1 [&hellip;]\" \/>\n<meta property=\"og:url\" content=\"https:\/\/cantor-foerderverein.de\/index.php\/impressum\/\" \/>\n<meta property=\"og:site_name\" content=\"Cantor-Foerderverein\" \/>\n<meta property=\"article:modified_time\" content=\"2024-07-01T11:28:12+00:00\" \/>\n<meta name=\"twitter:card\" content=\"summary_large_image\" \/>\n<meta name=\"twitter:label1\" content=\"Gesch\u00e4tzte Lesezeit\" \/>\n\t<meta name=\"twitter:data1\" content=\"1\u00a0Minute\" \/>\n<script type=\"application\/ld+json\" class=\"yoast-schema-graph\">{\"@context\":\"https:\/\/schema.org\",\"@graph\":[{\"@type\":\"WebPage\",\"@id\":\"https:\/\/cantor-foerderverein.de\/index.php\/impressum\/\",\"url\":\"https:\/\/cantor-foerderverein.de\/index.php\/impressum\/\",\"name\":\"Impressum - Cantor-Foerderverein\",\"isPartOf\":{\"@id\":\"https:\/\/cantor-foerderverein.de\/#website\"},\"datePublished\":\"2024-06-21T12:31:50+00:00\",\"dateModified\":\"2024-07-01T11:28:12+00:00\",\"breadcrumb\":{\"@id\":\"https:\/\/cantor-foerderverein.de\/index.php\/impressum\/#breadcrumb\"},\"inLanguage\":\"de\",\"potentialAction\":[{\"@type\":\"ReadAction\",\"target\":[\"https:\/\/cantor-foerderverein.de\/index.php\/impressum\/\"]}]},{\"@type\":\"BreadcrumbList\",\"@id\":\"https:\/\/cantor-foerderverein.de\/index.php\/impressum\/#breadcrumb\",\"itemListElement\":[{\"@type\":\"ListItem\",\"position\":1,\"name\":\"Startseite\",\"item\":\"https:\/\/cantor-foerderverein.de\/\"},{\"@type\":\"ListItem\",\"position\":2,\"name\":\"Impressum\"}]},{\"@type\":\"WebSite\",\"@id\":\"https:\/\/cantor-foerderverein.de\/#website\",\"url\":\"https:\/\/cantor-foerderverein.de\/\",\"name\":\"Cantor-Foerderverein\",\"description\":\"\u00a9 2024 F\u00f6rderverein des Georg-Cantor-Gymnasiums e.V.\",\"publisher\":{\"@id\":\"https:\/\/cantor-foerderverein.de\/#organization\"},\"potentialAction\":[{\"@type\":\"SearchAction\",\"target\":{\"@type\":\"EntryPoint\",\"urlTemplate\":\"https:\/\/cantor-foerderverein.de\/?s={search_term_string}\"},\"query-input\":{\"@type\":\"PropertyValueSpecification\",\"valueRequired\":true,\"valueName\":\"search_term_string\"}}],\"inLanguage\":\"de\"},{\"@type\":\"Organization\",\"@id\":\"https:\/\/cantor-foerderverein.de\/#organization\",\"name\":\"Cantor-Foerderverein\",\"url\":\"https:\/\/cantor-foerderverein.de\/\",\"logo\":{\"@type\":\"ImageObject\",\"inLanguage\":\"de\",\"@id\":\"https:\/\/cantor-foerderverein.de\/#\/schema\/logo\/image\/\",\"url\":\"https:\/\/cantor-foerderverein.de\/wp-content\/uploads\/2024\/06\/Logo-Foerderverein.jpg\",\"contentUrl\":\"https:\/\/cantor-foerderverein.de\/wp-content\/uploads\/2024\/06\/Logo-Foerderverein.jpg\",\"width\":819,\"height\":803,\"caption\":\"Cantor-Foerderverein\"},\"image\":{\"@id\":\"https:\/\/cantor-foerderverein.de\/#\/schema\/logo\/image\/\"}}]}<\/script>\n<!-- \/ Yoast SEO plugin. -->","yoast_head_json":{"title":"Impressum - Cantor-Foerderverein","robots":{"index":"index","follow":"follow","max-snippet":"max-snippet:-1","max-image-preview":"max-image-preview:large","max-video-preview":"max-video-preview:-1"},"canonical":"https:\/\/cantor-foerderverein.de\/index.php\/impressum\/","og_locale":"de_DE","og_type":"article","og_title":"Impressum - Cantor-Foerderverein","og_description":"F\u00f6rderverein des Cantor-Gymnasiums e. V.Torstra\u00dfe 13D-06110 Halle (Saale) E-Mail: vorstand(at)cantor-foerderverein.de Vereinsregister: Amtsgericht Stendal, VR 20675Steuer-Nr.: 110\/142\/04263, Finanzamt Halle Der Verein wird vertreten durch den Vorstand, dieser wird vertreten durch den Vorsitzenden Martin Bauersfeld und die stellv. Vorsitzenden Dr. Franziska Appel und Dr. Robert Szczesny. Haftung f\u00fcr Inhalte Als Diensteanbieter sind wir gem\u00e4\u00df \u00a7 7 Abs.1 [&hellip;]","og_url":"https:\/\/cantor-foerderverein.de\/index.php\/impressum\/","og_site_name":"Cantor-Foerderverein","article_modified_time":"2024-07-01T11:28:12+00:00","twitter_card":"summary_large_image","twitter_misc":{"Gesch\u00e4tzte Lesezeit":"1\u00a0Minute"},"schema":{"@context":"https:\/\/schema.org","@graph":[{"@type":"WebPage","@id":"https:\/\/cantor-foerderverein.de\/index.php\/impressum\/","url":"https:\/\/cantor-foerderverein.de\/index.php\/impressum\/","name":"Impressum - Cantor-Foerderverein","isPartOf":{"@id":"https:\/\/cantor-foerderverein.de\/#website"},"datePublished":"2024-06-21T12:31:50+00:00","dateModified":"2024-07-01T11:28:12+00:00","breadcrumb":{"@id":"https:\/\/cantor-foerderverein.de\/index.php\/impressum\/#breadcrumb"},"inLanguage":"de","potentialAction":[{"@type":"ReadAction","target":["https:\/\/cantor-foerderverein.de\/index.php\/impressum\/"]}]},{"@type":"BreadcrumbList","@id":"https:\/\/cantor-foerderverein.de\/index.php\/impressum\/#breadcrumb","itemListElement":[{"@type":"ListItem","position":1,"name":"Startseite","item":"https:\/\/cantor-foerderverein.de\/"},{"@type":"ListItem","position":2,"name":"Impressum"}]},{"@type":"WebSite","@id":"https:\/\/cantor-foerderverein.de\/#website","url":"https:\/\/cantor-foerderverein.de\/","name":"Cantor-Foerderverein","description":"\u00a9 2024 F\u00f6rderverein des Georg-Cantor-Gymnasiums e.V.","publisher":{"@id":"https:\/\/cantor-foerderverein.de\/#organization"},"potentialAction":[{"@type":"SearchAction","target":{"@type":"EntryPoint","urlTemplate":"https:\/\/cantor-foerderverein.de\/?s={search_term_string}"},"query-input":{"@type":"PropertyValueSpecification","valueRequired":true,"valueName":"search_term_string"}}],"inLanguage":"de"},{"@type":"Organization","@id":"https:\/\/cantor-foerderverein.de\/#organization","name":"Cantor-Foerderverein","url":"https:\/\/cantor-foerderverein.de\/","logo":{"@type":"ImageObject","inLanguage":"de","@id":"https:\/\/cantor-foerderverein.de\/#\/schema\/logo\/image\/","url":"https:\/\/cantor-foerderverein.de\/wp-content\/uploads\/2024\/06\/Logo-Foerderverein.jpg","contentUrl":"https:\/\/cantor-foerderverein.de\/wp-content\/uploads\/2024\/06\/Logo-Foerderverein.jpg","width":819,"height":803,"caption":"Cantor-Foerderverein"},"image":{"@id":"https:\/\/cantor-foerderverein.de\/#\/schema\/logo\/image\/"}}]}},"_links":{"self":[{"href":"https:\/\/cantor-foerderverein.de\/index.php\/wp-json\/wp\/v2\/pages\/29","targetHints":{"allow":["GET"]}}],"collection":[{"href":"https:\/\/cantor-foerderverein.de\/index.php\/wp-json\/wp\/v2\/pages"}],"about":[{"href":"https:\/\/cantor-foerderverein.de\/index.php\/wp-json\/wp\/v2\/types\/page"}],"author":[{"embeddable":true,"href":"https:\/\/cantor-foerderverein.de\/index.php\/wp-json\/wp\/v2\/users\/1"}],"replies":[{"embeddable":true,"href":"https:\/\/cantor-foerderverein.de\/index.php\/wp-json\/wp\/v2\/comments?post=29"}],"version-history":[{"count":2,"href":"https:\/\/cantor-foerderverein.de\/index.php\/wp-json\/wp\/v2\/pages\/29\/revisions"}],"predecessor-version":[{"id":58,"href":"https:\/\/cantor-foerderverein.de\/index.php\/wp-json\/wp\/v2\/pages\/29\/revisions\/58"}],"wp:attachment":[{"href":"https:\/\/cantor-foerderverein.de\/index.php\/wp-json\/wp\/v2\/media?parent=29"}],"curies":[{"name":"wp","href":"https:\/\/api.w.org\/{rel}","templated":true}]}}