{"id":3,"date":"2024-06-21T11:33:58","date_gmt":"2024-06-21T11:33:58","guid":{"rendered":"https:\/\/cantor-foerderverein.de\/?page_id=3"},"modified":"2024-07-01T11:27:46","modified_gmt":"2024-07-01T11:27:46","slug":"privacy-policy","status":"publish","type":"page","link":"https:\/\/cantor-foerderverein.de\/index.php\/privacy-policy\/","title":{"rendered":"Datenschutzerkl\u00e4rung"},"content":{"rendered":"\n<p><strong>1. Allgemeine Hinweise<\/strong><\/p>\n\n\n\n<p>Wir freuen uns sehr \u00fcber Ihr Interesse an unserer Webseite. Der Schutz Ihrer pers\u00f6nlichen Daten hat f\u00fcr uns einen hohen Stellenwert. Diese Datenschutzerkl\u00e4rung informiert Sie \u00fcber die Art, den Umfang und den Zweck der Erhebung und Verwendung personenbezogener Daten durch den Webseitenbetreiber.<\/p>\n\n\n\n<p><strong>2. Erhebung und Speicherung personenbezogener Daten sowie Art und Zweck von deren Verwendung<\/strong><\/p>\n\n\n\n<p>Bei der Nutzung unserer Webseite erheben wir keine personenbezogenen Daten. Wir speichern keine Informationen, die R\u00fcckschl\u00fcsse auf Ihre Person zulassen, und verwenden keine Tools oder Techniken, die solche Daten erfassen k\u00f6nnten.<\/p>\n\n\n\n<p><strong>3. Cookies<\/strong><\/p>\n\n\n\n<p>Unsere Webseite verwendet keine Cookies.<\/p>\n\n\n\n<p><strong>4. Server-Log-Dateien<\/strong><\/p>\n\n\n\n<p>Der Provider der Seiten erhebt und speichert automatisch Informationen in sogenannten Server-Log-Dateien, die Ihr Browser automatisch an uns \u00fcbermittelt. Dies sind:<\/p>\n\n\n\n<ul class=\"wp-block-list\">\n<li>Browsertyp und Browserversion<\/li>\n\n\n\n<li>verwendetes Betriebssystem<\/li>\n\n\n\n<li>Referrer URL<\/li>\n\n\n\n<li>Hostname des zugreifenden Rechners<\/li>\n\n\n\n<li>Uhrzeit der Serveranfrage<\/li>\n<\/ul>\n\n\n\n<p>Diese Daten sind nicht bestimmten Personen zuordenbar. Eine Zusammenf\u00fchrung dieser Daten mit anderen Datenquellen wird nicht vorgenommen. Wir behalten uns vor, diese Daten nachtr\u00e4glich zu pr\u00fcfen, wenn uns konkrete Anhaltspunkte f\u00fcr eine rechtswidrige Nutzung bekannt werden.<\/p>\n\n\n\n<p><strong>5. Analyse-Tools<\/strong><\/p>\n\n\n\n<p>Unsere Webseite verwendet keine Analyse-Tools wie Google Analytics oder \u00e4hnliche Dienste.<\/p>\n\n\n\n<p><strong>6. Social Media Plugins<\/strong><\/p>\n\n\n\n<p>Unsere Webseite verwendet keine Social Media Plugins.<\/p>\n\n\n\n<p><strong>7. Weitergabe von Daten<\/strong><\/p>\n\n\n\n<p>Eine \u00dcbermittlung Ihrer pers\u00f6nlichen Daten an Dritte findet nicht statt, da wir keine personenbezogenen Daten erheben.<\/p>\n\n\n\n<p><strong>8. Rechte der betroffenen Person<\/strong><\/p>\n\n\n\n<p>Da keine personenbezogenen Daten erhoben werden, entfallen auch Rechte wie Auskunft, Berichtigung, L\u00f6schung oder Sperrung dieser Daten.<\/p>\n\n\n\n<p><strong>9. \u00c4nderung dieser Datenschutzerkl\u00e4rung<\/strong><\/p>\n\n\n\n<p>Wir behalten uns vor, diese Datenschutzerkl\u00e4rung anzupassen, damit sie stets den aktuellen rechtlichen Anforderungen entspricht oder um \u00c4nderungen unserer Leistungen in der Datenschutzerkl\u00e4rung umzusetzen. F\u00fcr Ihren erneuten Besuch gilt dann die neue Datenschutzerkl\u00e4rung.<\/p>\n\n\n\n<p><strong>10. Kontakt<\/strong><\/p>\n\n\n\n<p>Wenn Sie Fragen zum Datenschutz haben, schreiben Sie uns bitte eine E-Mail an die folgende Adresse: <a href=\"mailto:vorstand@cantor-foerderverein.de\" target=\"_blank\" rel=\"noreferrer noopener nofollow\">vorstand(at)cantor-foerderverein.de<\/a><\/p>\n","protected":false},"excerpt":{"rendered":"<p>1. Allgemeine Hinweise Wir freuen uns sehr \u00fcber Ihr Interesse an unserer Webseite. Der Schutz Ihrer pers\u00f6nlichen Daten hat f\u00fcr uns einen hohen Stellenwert. Diese Datenschutzerkl\u00e4rung informiert Sie \u00fcber die Art, den Umfang und den Zweck der Erhebung und Verwendung personenbezogener Daten durch den Webseitenbetreiber. 2. Erhebung und Speicherung personenbezogener Daten sowie Art und Zweck [&hellip;]<\/p>\n","protected":false},"author":1,"featured_media":0,"parent":0,"menu_order":0,"comment_status":"closed","ping_status":"open","template":"","meta":{"footnotes":""},"class_list":["post-3","page","type-page","status-publish","hentry"],"yoast_head":"<!-- This site is optimized with the Yoast SEO plugin v27.0 - https:\/\/yoast.com\/product\/yoast-seo-wordpress\/ -->\n<title>Datenschutzerkl\u00e4rung - Cantor-Foerderverein<\/title>\n<meta name=\"robots\" content=\"index, follow, max-snippet:-1, max-image-preview:large, max-video-preview:-1\" \/>\n<link rel=\"canonical\" href=\"https:\/\/cantor-foerderverein.de\/index.php\/privacy-policy\/\" \/>\n<meta property=\"og:locale\" content=\"de_DE\" \/>\n<meta property=\"og:type\" content=\"article\" \/>\n<meta property=\"og:title\" content=\"Datenschutzerkl\u00e4rung - Cantor-Foerderverein\" \/>\n<meta property=\"og:description\" content=\"1. Allgemeine Hinweise Wir freuen uns sehr \u00fcber Ihr Interesse an unserer Webseite. Der Schutz Ihrer pers\u00f6nlichen Daten hat f\u00fcr uns einen hohen Stellenwert. Diese Datenschutzerkl\u00e4rung informiert Sie \u00fcber die Art, den Umfang und den Zweck der Erhebung und Verwendung personenbezogener Daten durch den Webseitenbetreiber. 2. Erhebung und Speicherung personenbezogener Daten sowie Art und Zweck [&hellip;]\" \/>\n<meta property=\"og:url\" content=\"https:\/\/cantor-foerderverein.de\/index.php\/privacy-policy\/\" \/>\n<meta property=\"og:site_name\" content=\"Cantor-Foerderverein\" \/>\n<meta property=\"article:modified_time\" content=\"2024-07-01T11:27:46+00:00\" \/>\n<meta name=\"twitter:card\" content=\"summary_large_image\" \/>\n<meta name=\"twitter:label1\" content=\"Gesch\u00e4tzte Lesezeit\" \/>\n\t<meta name=\"twitter:data1\" content=\"2\u00a0Minuten\" \/>\n<script type=\"application\/ld+json\" class=\"yoast-schema-graph\">{\"@context\":\"https:\/\/schema.org\",\"@graph\":[{\"@type\":\"WebPage\",\"@id\":\"https:\/\/cantor-foerderverein.de\/index.php\/privacy-policy\/\",\"url\":\"https:\/\/cantor-foerderverein.de\/index.php\/privacy-policy\/\",\"name\":\"Datenschutzerkl\u00e4rung - Cantor-Foerderverein\",\"isPartOf\":{\"@id\":\"https:\/\/cantor-foerderverein.de\/#website\"},\"datePublished\":\"2024-06-21T11:33:58+00:00\",\"dateModified\":\"2024-07-01T11:27:46+00:00\",\"breadcrumb\":{\"@id\":\"https:\/\/cantor-foerderverein.de\/index.php\/privacy-policy\/#breadcrumb\"},\"inLanguage\":\"de\",\"potentialAction\":[{\"@type\":\"ReadAction\",\"target\":[\"https:\/\/cantor-foerderverein.de\/index.php\/privacy-policy\/\"]}]},{\"@type\":\"BreadcrumbList\",\"@id\":\"https:\/\/cantor-foerderverein.de\/index.php\/privacy-policy\/#breadcrumb\",\"itemListElement\":[{\"@type\":\"ListItem\",\"position\":1,\"name\":\"Startseite\",\"item\":\"https:\/\/cantor-foerderverein.de\/\"},{\"@type\":\"ListItem\",\"position\":2,\"name\":\"Datenschutzerkl\u00e4rung\"}]},{\"@type\":\"WebSite\",\"@id\":\"https:\/\/cantor-foerderverein.de\/#website\",\"url\":\"https:\/\/cantor-foerderverein.de\/\",\"name\":\"Cantor-Foerderverein\",\"description\":\"\u00a9 2024 F\u00f6rderverein des Georg-Cantor-Gymnasiums e.V.\",\"publisher\":{\"@id\":\"https:\/\/cantor-foerderverein.de\/#organization\"},\"potentialAction\":[{\"@type\":\"SearchAction\",\"target\":{\"@type\":\"EntryPoint\",\"urlTemplate\":\"https:\/\/cantor-foerderverein.de\/?s={search_term_string}\"},\"query-input\":{\"@type\":\"PropertyValueSpecification\",\"valueRequired\":true,\"valueName\":\"search_term_string\"}}],\"inLanguage\":\"de\"},{\"@type\":\"Organization\",\"@id\":\"https:\/\/cantor-foerderverein.de\/#organization\",\"name\":\"Cantor-Foerderverein\",\"url\":\"https:\/\/cantor-foerderverein.de\/\",\"logo\":{\"@type\":\"ImageObject\",\"inLanguage\":\"de\",\"@id\":\"https:\/\/cantor-foerderverein.de\/#\/schema\/logo\/image\/\",\"url\":\"https:\/\/cantor-foerderverein.de\/wp-content\/uploads\/2024\/06\/Logo-Foerderverein.jpg\",\"contentUrl\":\"https:\/\/cantor-foerderverein.de\/wp-content\/uploads\/2024\/06\/Logo-Foerderverein.jpg\",\"width\":819,\"height\":803,\"caption\":\"Cantor-Foerderverein\"},\"image\":{\"@id\":\"https:\/\/cantor-foerderverein.de\/#\/schema\/logo\/image\/\"}}]}<\/script>\n<!-- \/ Yoast SEO plugin. -->","yoast_head_json":{"title":"Datenschutzerkl\u00e4rung - Cantor-Foerderverein","robots":{"index":"index","follow":"follow","max-snippet":"max-snippet:-1","max-image-preview":"max-image-preview:large","max-video-preview":"max-video-preview:-1"},"canonical":"https:\/\/cantor-foerderverein.de\/index.php\/privacy-policy\/","og_locale":"de_DE","og_type":"article","og_title":"Datenschutzerkl\u00e4rung - Cantor-Foerderverein","og_description":"1. Allgemeine Hinweise Wir freuen uns sehr \u00fcber Ihr Interesse an unserer Webseite. Der Schutz Ihrer pers\u00f6nlichen Daten hat f\u00fcr uns einen hohen Stellenwert. Diese Datenschutzerkl\u00e4rung informiert Sie \u00fcber die Art, den Umfang und den Zweck der Erhebung und Verwendung personenbezogener Daten durch den Webseitenbetreiber. 2. Erhebung und Speicherung personenbezogener Daten sowie Art und Zweck [&hellip;]","og_url":"https:\/\/cantor-foerderverein.de\/index.php\/privacy-policy\/","og_site_name":"Cantor-Foerderverein","article_modified_time":"2024-07-01T11:27:46+00:00","twitter_card":"summary_large_image","twitter_misc":{"Gesch\u00e4tzte Lesezeit":"2\u00a0Minuten"},"schema":{"@context":"https:\/\/schema.org","@graph":[{"@type":"WebPage","@id":"https:\/\/cantor-foerderverein.de\/index.php\/privacy-policy\/","url":"https:\/\/cantor-foerderverein.de\/index.php\/privacy-policy\/","name":"Datenschutzerkl\u00e4rung - Cantor-Foerderverein","isPartOf":{"@id":"https:\/\/cantor-foerderverein.de\/#website"},"datePublished":"2024-06-21T11:33:58+00:00","dateModified":"2024-07-01T11:27:46+00:00","breadcrumb":{"@id":"https:\/\/cantor-foerderverein.de\/index.php\/privacy-policy\/#breadcrumb"},"inLanguage":"de","potentialAction":[{"@type":"ReadAction","target":["https:\/\/cantor-foerderverein.de\/index.php\/privacy-policy\/"]}]},{"@type":"BreadcrumbList","@id":"https:\/\/cantor-foerderverein.de\/index.php\/privacy-policy\/#breadcrumb","itemListElement":[{"@type":"ListItem","position":1,"name":"Startseite","item":"https:\/\/cantor-foerderverein.de\/"},{"@type":"ListItem","position":2,"name":"Datenschutzerkl\u00e4rung"}]},{"@type":"WebSite","@id":"https:\/\/cantor-foerderverein.de\/#website","url":"https:\/\/cantor-foerderverein.de\/","name":"Cantor-Foerderverein","description":"\u00a9 2024 F\u00f6rderverein des Georg-Cantor-Gymnasiums e.V.","publisher":{"@id":"https:\/\/cantor-foerderverein.de\/#organization"},"potentialAction":[{"@type":"SearchAction","target":{"@type":"EntryPoint","urlTemplate":"https:\/\/cantor-foerderverein.de\/?s={search_term_string}"},"query-input":{"@type":"PropertyValueSpecification","valueRequired":true,"valueName":"search_term_string"}}],"inLanguage":"de"},{"@type":"Organization","@id":"https:\/\/cantor-foerderverein.de\/#organization","name":"Cantor-Foerderverein","url":"https:\/\/cantor-foerderverein.de\/","logo":{"@type":"ImageObject","inLanguage":"de","@id":"https:\/\/cantor-foerderverein.de\/#\/schema\/logo\/image\/","url":"https:\/\/cantor-foerderverein.de\/wp-content\/uploads\/2024\/06\/Logo-Foerderverein.jpg","contentUrl":"https:\/\/cantor-foerderverein.de\/wp-content\/uploads\/2024\/06\/Logo-Foerderverein.jpg","width":819,"height":803,"caption":"Cantor-Foerderverein"},"image":{"@id":"https:\/\/cantor-foerderverein.de\/#\/schema\/logo\/image\/"}}]}},"_links":{"self":[{"href":"https:\/\/cantor-foerderverein.de\/index.php\/wp-json\/wp\/v2\/pages\/3","targetHints":{"allow":["GET"]}}],"collection":[{"href":"https:\/\/cantor-foerderverein.de\/index.php\/wp-json\/wp\/v2\/pages"}],"about":[{"href":"https:\/\/cantor-foerderverein.de\/index.php\/wp-json\/wp\/v2\/types\/page"}],"author":[{"embeddable":true,"href":"https:\/\/cantor-foerderverein.de\/index.php\/wp-json\/wp\/v2\/users\/1"}],"replies":[{"embeddable":true,"href":"https:\/\/cantor-foerderverein.de\/index.php\/wp-json\/wp\/v2\/comments?post=3"}],"version-history":[{"count":2,"href":"https:\/\/cantor-foerderverein.de\/index.php\/wp-json\/wp\/v2\/pages\/3\/revisions"}],"predecessor-version":[{"id":57,"href":"https:\/\/cantor-foerderverein.de\/index.php\/wp-json\/wp\/v2\/pages\/3\/revisions\/57"}],"wp:attachment":[{"href":"https:\/\/cantor-foerderverein.de\/index.php\/wp-json\/wp\/v2\/media?parent=3"}],"curies":[{"name":"wp","href":"https:\/\/api.w.org\/{rel}","templated":true}]}}