{"id":33,"date":"2024-06-21T12:42:59","date_gmt":"2024-06-21T12:42:59","guid":{"rendered":"https:\/\/cantor-foerderverein.de\/?page_id=33"},"modified":"2024-08-31T14:23:08","modified_gmt":"2024-08-31T14:23:08","slug":"mitglied","status":"publish","type":"page","link":"https:\/\/cantor-foerderverein.de\/index.php\/mitglied\/","title":{"rendered":"Mitglied werden"},"content":{"rendered":"\n<p>Der Jahresbeitrag f\u00fcr eine Mitgliedschaft betr\u00e4gt 30,00 \u20ac.<\/p>\n\n\n\n<p>Der erm\u00e4\u00dfigte Mitgliedsbeitrag betr\u00e4gt 5,00 \u20ac pro Jahr (f\u00fcr Studenten, Bundesfreiwilligendienstleistende, Azubis, ALGII-Empf\u00e4nger &#8211; bitte geeigneten Nachweis vorlegen). Die Beitragsordnung gilt seit 2002.<\/p>\n\n\n\n<p>Der Jahresbeitrag ist jeweils zu Beginn des Kalenderjahres f\u00e4llig. Um die Verwaltungskosten so gering wie m\u00f6glich zu halten, bitten wir Sie um eine Einzugserm\u00e4chtigung (siehe Beitrittserkl\u00e4rung). Der Mitgliedsbeitrag wird dann automatisch jeweils im M\u00e4rz von Ihrem Konto abgebucht.<\/p>\n\n\n\n<p>Vereinsbeitr\u00e4ge sind von der Steuer absetzbar. Als Nachweis gen\u00fcgt der Konto-Beleg der Abbuchung des Mitgliedsbeitrages.<\/p>\n\n\n\n<hr class=\"wp-block-separator has-alpha-channel-opacity\"\/>\n\n\n\n<div data-wp-interactive=\"core\/file\" class=\"wp-block-file\"><object data-wp-bind--hidden=\"!state.hasPdfPreview\" hidden class=\"wp-block-file__embed\" data=\"https:\/\/cantor-foerderverein.de\/wp-content\/uploads\/2024\/08\/Beitrittserklaerung_2024.pdf\" type=\"application\/pdf\" style=\"width:100%;height:600px\" aria-label=\"Einbettung von Beitrittserklaerung_2024.\"><\/object><a id=\"wp-block-file--media-e12d2844-1bda-4f9a-b612-d23aabcdbd3b\" href=\"https:\/\/cantor-foerderverein.de\/wp-content\/uploads\/2024\/08\/Beitrittserklaerung_2024.pdf\">Beitrittserklaerung_2024<\/a><a href=\"https:\/\/cantor-foerderverein.de\/wp-content\/uploads\/2024\/08\/Beitrittserklaerung_2024.pdf\" class=\"wp-block-file__button wp-element-button\" download aria-describedby=\"wp-block-file--media-e12d2844-1bda-4f9a-b612-d23aabcdbd3b\">Herunterladen<\/a><\/div>\n\n\n\n<p><a href=\"https:\/\/cantor-foerderverein.de\/wp-content\/uploads\/2024\/08\/Datenschutzhinweise.pdf\" target=\"_blank\" rel=\"noreferrer noopener\">Datenschutzerkl\u00e4rung (PDF)<\/a><\/p>\n","protected":false},"excerpt":{"rendered":"<p>Der Jahresbeitrag f\u00fcr eine Mitgliedschaft betr\u00e4gt 30,00 \u20ac. Der erm\u00e4\u00dfigte Mitgliedsbeitrag betr\u00e4gt 5,00 \u20ac pro Jahr (f\u00fcr Studenten, Bundesfreiwilligendienstleistende, Azubis, ALGII-Empf\u00e4nger &#8211; bitte geeigneten Nachweis vorlegen). Die Beitragsordnung gilt seit 2002. Der Jahresbeitrag ist jeweils zu Beginn des Kalenderjahres f\u00e4llig. Um die Verwaltungskosten so gering wie m\u00f6glich zu halten, bitten wir Sie um eine Einzugserm\u00e4chtigung [&hellip;]<\/p>\n","protected":false},"author":1,"featured_media":0,"parent":0,"menu_order":0,"comment_status":"closed","ping_status":"closed","template":"","meta":{"footnotes":""},"class_list":["post-33","page","type-page","status-publish","hentry"],"yoast_head":"<!-- This site is optimized with the Yoast SEO plugin v27.0 - https:\/\/yoast.com\/product\/yoast-seo-wordpress\/ -->\n<title>Mitglied werden - Cantor-Foerderverein<\/title>\n<meta name=\"robots\" content=\"index, follow, max-snippet:-1, max-image-preview:large, max-video-preview:-1\" \/>\n<link rel=\"canonical\" href=\"https:\/\/cantor-foerderverein.de\/index.php\/mitglied\/\" \/>\n<meta property=\"og:locale\" content=\"de_DE\" \/>\n<meta property=\"og:type\" content=\"article\" \/>\n<meta property=\"og:title\" content=\"Mitglied werden - Cantor-Foerderverein\" \/>\n<meta property=\"og:description\" content=\"Der Jahresbeitrag f\u00fcr eine Mitgliedschaft betr\u00e4gt 30,00 \u20ac. Der erm\u00e4\u00dfigte Mitgliedsbeitrag betr\u00e4gt 5,00 \u20ac pro Jahr (f\u00fcr Studenten, Bundesfreiwilligendienstleistende, Azubis, ALGII-Empf\u00e4nger &#8211; bitte geeigneten Nachweis vorlegen). Die Beitragsordnung gilt seit 2002. Der Jahresbeitrag ist jeweils zu Beginn des Kalenderjahres f\u00e4llig. Um die Verwaltungskosten so gering wie m\u00f6glich zu halten, bitten wir Sie um eine Einzugserm\u00e4chtigung [&hellip;]\" \/>\n<meta property=\"og:url\" content=\"https:\/\/cantor-foerderverein.de\/index.php\/mitglied\/\" \/>\n<meta property=\"og:site_name\" content=\"Cantor-Foerderverein\" \/>\n<meta property=\"article:modified_time\" content=\"2024-08-31T14:23:08+00:00\" \/>\n<meta name=\"twitter:card\" content=\"summary_large_image\" \/>\n<meta name=\"twitter:label1\" content=\"Gesch\u00e4tzte Lesezeit\" \/>\n\t<meta name=\"twitter:data1\" content=\"1\u00a0Minute\" \/>\n<script type=\"application\/ld+json\" class=\"yoast-schema-graph\">{\"@context\":\"https:\/\/schema.org\",\"@graph\":[{\"@type\":\"WebPage\",\"@id\":\"https:\/\/cantor-foerderverein.de\/index.php\/mitglied\/\",\"url\":\"https:\/\/cantor-foerderverein.de\/index.php\/mitglied\/\",\"name\":\"Mitglied werden - Cantor-Foerderverein\",\"isPartOf\":{\"@id\":\"https:\/\/cantor-foerderverein.de\/#website\"},\"datePublished\":\"2024-06-21T12:42:59+00:00\",\"dateModified\":\"2024-08-31T14:23:08+00:00\",\"breadcrumb\":{\"@id\":\"https:\/\/cantor-foerderverein.de\/index.php\/mitglied\/#breadcrumb\"},\"inLanguage\":\"de\",\"potentialAction\":[{\"@type\":\"ReadAction\",\"target\":[\"https:\/\/cantor-foerderverein.de\/index.php\/mitglied\/\"]}]},{\"@type\":\"BreadcrumbList\",\"@id\":\"https:\/\/cantor-foerderverein.de\/index.php\/mitglied\/#breadcrumb\",\"itemListElement\":[{\"@type\":\"ListItem\",\"position\":1,\"name\":\"Startseite\",\"item\":\"https:\/\/cantor-foerderverein.de\/\"},{\"@type\":\"ListItem\",\"position\":2,\"name\":\"Mitglied werden\"}]},{\"@type\":\"WebSite\",\"@id\":\"https:\/\/cantor-foerderverein.de\/#website\",\"url\":\"https:\/\/cantor-foerderverein.de\/\",\"name\":\"Cantor-Foerderverein\",\"description\":\"\u00a9 2024 F\u00f6rderverein des Georg-Cantor-Gymnasiums e.V.\",\"publisher\":{\"@id\":\"https:\/\/cantor-foerderverein.de\/#organization\"},\"potentialAction\":[{\"@type\":\"SearchAction\",\"target\":{\"@type\":\"EntryPoint\",\"urlTemplate\":\"https:\/\/cantor-foerderverein.de\/?s={search_term_string}\"},\"query-input\":{\"@type\":\"PropertyValueSpecification\",\"valueRequired\":true,\"valueName\":\"search_term_string\"}}],\"inLanguage\":\"de\"},{\"@type\":\"Organization\",\"@id\":\"https:\/\/cantor-foerderverein.de\/#organization\",\"name\":\"Cantor-Foerderverein\",\"url\":\"https:\/\/cantor-foerderverein.de\/\",\"logo\":{\"@type\":\"ImageObject\",\"inLanguage\":\"de\",\"@id\":\"https:\/\/cantor-foerderverein.de\/#\/schema\/logo\/image\/\",\"url\":\"https:\/\/cantor-foerderverein.de\/wp-content\/uploads\/2024\/06\/Logo-Foerderverein.jpg\",\"contentUrl\":\"https:\/\/cantor-foerderverein.de\/wp-content\/uploads\/2024\/06\/Logo-Foerderverein.jpg\",\"width\":819,\"height\":803,\"caption\":\"Cantor-Foerderverein\"},\"image\":{\"@id\":\"https:\/\/cantor-foerderverein.de\/#\/schema\/logo\/image\/\"}}]}<\/script>\n<!-- \/ Yoast SEO plugin. -->","yoast_head_json":{"title":"Mitglied werden - Cantor-Foerderverein","robots":{"index":"index","follow":"follow","max-snippet":"max-snippet:-1","max-image-preview":"max-image-preview:large","max-video-preview":"max-video-preview:-1"},"canonical":"https:\/\/cantor-foerderverein.de\/index.php\/mitglied\/","og_locale":"de_DE","og_type":"article","og_title":"Mitglied werden - Cantor-Foerderverein","og_description":"Der Jahresbeitrag f\u00fcr eine Mitgliedschaft betr\u00e4gt 30,00 \u20ac. Der erm\u00e4\u00dfigte Mitgliedsbeitrag betr\u00e4gt 5,00 \u20ac pro Jahr (f\u00fcr Studenten, Bundesfreiwilligendienstleistende, Azubis, ALGII-Empf\u00e4nger &#8211; bitte geeigneten Nachweis vorlegen). Die Beitragsordnung gilt seit 2002. Der Jahresbeitrag ist jeweils zu Beginn des Kalenderjahres f\u00e4llig. Um die Verwaltungskosten so gering wie m\u00f6glich zu halten, bitten wir Sie um eine Einzugserm\u00e4chtigung [&hellip;]","og_url":"https:\/\/cantor-foerderverein.de\/index.php\/mitglied\/","og_site_name":"Cantor-Foerderverein","article_modified_time":"2024-08-31T14:23:08+00:00","twitter_card":"summary_large_image","twitter_misc":{"Gesch\u00e4tzte Lesezeit":"1\u00a0Minute"},"schema":{"@context":"https:\/\/schema.org","@graph":[{"@type":"WebPage","@id":"https:\/\/cantor-foerderverein.de\/index.php\/mitglied\/","url":"https:\/\/cantor-foerderverein.de\/index.php\/mitglied\/","name":"Mitglied werden - Cantor-Foerderverein","isPartOf":{"@id":"https:\/\/cantor-foerderverein.de\/#website"},"datePublished":"2024-06-21T12:42:59+00:00","dateModified":"2024-08-31T14:23:08+00:00","breadcrumb":{"@id":"https:\/\/cantor-foerderverein.de\/index.php\/mitglied\/#breadcrumb"},"inLanguage":"de","potentialAction":[{"@type":"ReadAction","target":["https:\/\/cantor-foerderverein.de\/index.php\/mitglied\/"]}]},{"@type":"BreadcrumbList","@id":"https:\/\/cantor-foerderverein.de\/index.php\/mitglied\/#breadcrumb","itemListElement":[{"@type":"ListItem","position":1,"name":"Startseite","item":"https:\/\/cantor-foerderverein.de\/"},{"@type":"ListItem","position":2,"name":"Mitglied werden"}]},{"@type":"WebSite","@id":"https:\/\/cantor-foerderverein.de\/#website","url":"https:\/\/cantor-foerderverein.de\/","name":"Cantor-Foerderverein","description":"\u00a9 2024 F\u00f6rderverein des Georg-Cantor-Gymnasiums e.V.","publisher":{"@id":"https:\/\/cantor-foerderverein.de\/#organization"},"potentialAction":[{"@type":"SearchAction","target":{"@type":"EntryPoint","urlTemplate":"https:\/\/cantor-foerderverein.de\/?s={search_term_string}"},"query-input":{"@type":"PropertyValueSpecification","valueRequired":true,"valueName":"search_term_string"}}],"inLanguage":"de"},{"@type":"Organization","@id":"https:\/\/cantor-foerderverein.de\/#organization","name":"Cantor-Foerderverein","url":"https:\/\/cantor-foerderverein.de\/","logo":{"@type":"ImageObject","inLanguage":"de","@id":"https:\/\/cantor-foerderverein.de\/#\/schema\/logo\/image\/","url":"https:\/\/cantor-foerderverein.de\/wp-content\/uploads\/2024\/06\/Logo-Foerderverein.jpg","contentUrl":"https:\/\/cantor-foerderverein.de\/wp-content\/uploads\/2024\/06\/Logo-Foerderverein.jpg","width":819,"height":803,"caption":"Cantor-Foerderverein"},"image":{"@id":"https:\/\/cantor-foerderverein.de\/#\/schema\/logo\/image\/"}}]}},"_links":{"self":[{"href":"https:\/\/cantor-foerderverein.de\/index.php\/wp-json\/wp\/v2\/pages\/33","targetHints":{"allow":["GET"]}}],"collection":[{"href":"https:\/\/cantor-foerderverein.de\/index.php\/wp-json\/wp\/v2\/pages"}],"about":[{"href":"https:\/\/cantor-foerderverein.de\/index.php\/wp-json\/wp\/v2\/types\/page"}],"author":[{"embeddable":true,"href":"https:\/\/cantor-foerderverein.de\/index.php\/wp-json\/wp\/v2\/users\/1"}],"replies":[{"embeddable":true,"href":"https:\/\/cantor-foerderverein.de\/index.php\/wp-json\/wp\/v2\/comments?post=33"}],"version-history":[{"count":8,"href":"https:\/\/cantor-foerderverein.de\/index.php\/wp-json\/wp\/v2\/pages\/33\/revisions"}],"predecessor-version":[{"id":189,"href":"https:\/\/cantor-foerderverein.de\/index.php\/wp-json\/wp\/v2\/pages\/33\/revisions\/189"}],"wp:attachment":[{"href":"https:\/\/cantor-foerderverein.de\/index.php\/wp-json\/wp\/v2\/media?parent=33"}],"curies":[{"name":"wp","href":"https:\/\/api.w.org\/{rel}","templated":true}]}}