{"id":39,"date":"2024-06-21T12:45:40","date_gmt":"2024-06-21T12:45:40","guid":{"rendered":"https:\/\/cantor-foerderverein.de\/?page_id=39"},"modified":"2024-07-01T11:28:44","modified_gmt":"2024-07-01T11:28:44","slug":"spenden","status":"publish","type":"page","link":"https:\/\/cantor-foerderverein.de\/index.php\/spenden\/","title":{"rendered":"Spenden"},"content":{"rendered":"\n<p>Der F\u00f6rderverein finanziert sich ausschlie\u00dflich \u00fcber Mitgliedsbeitr\u00e4ge und Spenden, deshalb ist jede Spende sehr willkommen. Gern stellen wir Ihnen eine vom Finanzamt anerkannte Spendenquittung aus. Bitte fordern Sie diese per E-Mail an: <a href=\"mailto:vorstand@cantor-foerderverein.de\" target=\"_blank\" rel=\"noreferrer noopener nofollow\">vorstand(at)cantor-foerderverein.de<\/a><\/p>\n\n\n\n<p>Vielen Dank f\u00fcr Ihre Unterst\u00fctzung!<\/p>\n\n\n\n<h2 class=\"wp-block-heading\">Bankverbindung:<\/h2>\n\n\n\n<p>Saalesparkasse<br>IBAN: DE91 8005 3762 0369 0056 09&nbsp;BIC: NOLADE21HAL<br>Steuer-Nr.: 110\/142\/04263, Finanzamt Halle<\/p>\n","protected":false},"excerpt":{"rendered":"<p>Der F\u00f6rderverein finanziert sich ausschlie\u00dflich \u00fcber Mitgliedsbeitr\u00e4ge und Spenden, deshalb ist jede Spende sehr willkommen. Gern stellen wir Ihnen eine vom Finanzamt anerkannte Spendenquittung aus. Bitte fordern Sie diese per E-Mail an: vorstand(at)cantor-foerderverein.de Vielen Dank f\u00fcr Ihre Unterst\u00fctzung! Bankverbindung: SaalesparkasseIBAN: DE91 8005 3762 0369 0056 09&nbsp;BIC: NOLADE21HALSteuer-Nr.: 110\/142\/04263, Finanzamt Halle<\/p>\n","protected":false},"author":1,"featured_media":0,"parent":0,"menu_order":0,"comment_status":"closed","ping_status":"closed","template":"","meta":{"footnotes":""},"class_list":["post-39","page","type-page","status-publish","hentry"],"yoast_head":"<!-- This site is optimized with the Yoast SEO plugin v27.0 - https:\/\/yoast.com\/product\/yoast-seo-wordpress\/ -->\n<title>Spenden - Cantor-Foerderverein<\/title>\n<meta name=\"robots\" content=\"index, follow, max-snippet:-1, max-image-preview:large, max-video-preview:-1\" \/>\n<link rel=\"canonical\" href=\"https:\/\/cantor-foerderverein.de\/index.php\/spenden\/\" \/>\n<meta property=\"og:locale\" content=\"de_DE\" \/>\n<meta property=\"og:type\" content=\"article\" \/>\n<meta property=\"og:title\" content=\"Spenden - Cantor-Foerderverein\" \/>\n<meta property=\"og:description\" content=\"Der F\u00f6rderverein finanziert sich ausschlie\u00dflich \u00fcber Mitgliedsbeitr\u00e4ge und Spenden, deshalb ist jede Spende sehr willkommen. Gern stellen wir Ihnen eine vom Finanzamt anerkannte Spendenquittung aus. Bitte fordern Sie diese per E-Mail an: vorstand(at)cantor-foerderverein.de Vielen Dank f\u00fcr Ihre Unterst\u00fctzung! Bankverbindung: SaalesparkasseIBAN: DE91 8005 3762 0369 0056 09&nbsp;BIC: NOLADE21HALSteuer-Nr.: 110\/142\/04263, Finanzamt Halle\" \/>\n<meta property=\"og:url\" content=\"https:\/\/cantor-foerderverein.de\/index.php\/spenden\/\" \/>\n<meta property=\"og:site_name\" content=\"Cantor-Foerderverein\" \/>\n<meta property=\"article:modified_time\" content=\"2024-07-01T11:28:44+00:00\" \/>\n<meta name=\"twitter:card\" content=\"summary_large_image\" \/>\n<meta name=\"twitter:label1\" content=\"Gesch\u00e4tzte Lesezeit\" \/>\n\t<meta name=\"twitter:data1\" content=\"1\u00a0Minute\" \/>\n<script type=\"application\/ld+json\" class=\"yoast-schema-graph\">{\"@context\":\"https:\/\/schema.org\",\"@graph\":[{\"@type\":\"WebPage\",\"@id\":\"https:\/\/cantor-foerderverein.de\/index.php\/spenden\/\",\"url\":\"https:\/\/cantor-foerderverein.de\/index.php\/spenden\/\",\"name\":\"Spenden - Cantor-Foerderverein\",\"isPartOf\":{\"@id\":\"https:\/\/cantor-foerderverein.de\/#website\"},\"datePublished\":\"2024-06-21T12:45:40+00:00\",\"dateModified\":\"2024-07-01T11:28:44+00:00\",\"breadcrumb\":{\"@id\":\"https:\/\/cantor-foerderverein.de\/index.php\/spenden\/#breadcrumb\"},\"inLanguage\":\"de\",\"potentialAction\":[{\"@type\":\"ReadAction\",\"target\":[\"https:\/\/cantor-foerderverein.de\/index.php\/spenden\/\"]}]},{\"@type\":\"BreadcrumbList\",\"@id\":\"https:\/\/cantor-foerderverein.de\/index.php\/spenden\/#breadcrumb\",\"itemListElement\":[{\"@type\":\"ListItem\",\"position\":1,\"name\":\"Startseite\",\"item\":\"https:\/\/cantor-foerderverein.de\/\"},{\"@type\":\"ListItem\",\"position\":2,\"name\":\"Spenden\"}]},{\"@type\":\"WebSite\",\"@id\":\"https:\/\/cantor-foerderverein.de\/#website\",\"url\":\"https:\/\/cantor-foerderverein.de\/\",\"name\":\"Cantor-Foerderverein\",\"description\":\"\u00a9 2024 F\u00f6rderverein des Georg-Cantor-Gymnasiums e.V.\",\"publisher\":{\"@id\":\"https:\/\/cantor-foerderverein.de\/#organization\"},\"potentialAction\":[{\"@type\":\"SearchAction\",\"target\":{\"@type\":\"EntryPoint\",\"urlTemplate\":\"https:\/\/cantor-foerderverein.de\/?s={search_term_string}\"},\"query-input\":{\"@type\":\"PropertyValueSpecification\",\"valueRequired\":true,\"valueName\":\"search_term_string\"}}],\"inLanguage\":\"de\"},{\"@type\":\"Organization\",\"@id\":\"https:\/\/cantor-foerderverein.de\/#organization\",\"name\":\"Cantor-Foerderverein\",\"url\":\"https:\/\/cantor-foerderverein.de\/\",\"logo\":{\"@type\":\"ImageObject\",\"inLanguage\":\"de\",\"@id\":\"https:\/\/cantor-foerderverein.de\/#\/schema\/logo\/image\/\",\"url\":\"https:\/\/cantor-foerderverein.de\/wp-content\/uploads\/2024\/06\/Logo-Foerderverein.jpg\",\"contentUrl\":\"https:\/\/cantor-foerderverein.de\/wp-content\/uploads\/2024\/06\/Logo-Foerderverein.jpg\",\"width\":819,\"height\":803,\"caption\":\"Cantor-Foerderverein\"},\"image\":{\"@id\":\"https:\/\/cantor-foerderverein.de\/#\/schema\/logo\/image\/\"}}]}<\/script>\n<!-- \/ Yoast SEO plugin. -->","yoast_head_json":{"title":"Spenden - Cantor-Foerderverein","robots":{"index":"index","follow":"follow","max-snippet":"max-snippet:-1","max-image-preview":"max-image-preview:large","max-video-preview":"max-video-preview:-1"},"canonical":"https:\/\/cantor-foerderverein.de\/index.php\/spenden\/","og_locale":"de_DE","og_type":"article","og_title":"Spenden - Cantor-Foerderverein","og_description":"Der F\u00f6rderverein finanziert sich ausschlie\u00dflich \u00fcber Mitgliedsbeitr\u00e4ge und Spenden, deshalb ist jede Spende sehr willkommen. Gern stellen wir Ihnen eine vom Finanzamt anerkannte Spendenquittung aus. Bitte fordern Sie diese per E-Mail an: vorstand(at)cantor-foerderverein.de Vielen Dank f\u00fcr Ihre Unterst\u00fctzung! Bankverbindung: SaalesparkasseIBAN: DE91 8005 3762 0369 0056 09&nbsp;BIC: NOLADE21HALSteuer-Nr.: 110\/142\/04263, Finanzamt Halle","og_url":"https:\/\/cantor-foerderverein.de\/index.php\/spenden\/","og_site_name":"Cantor-Foerderverein","article_modified_time":"2024-07-01T11:28:44+00:00","twitter_card":"summary_large_image","twitter_misc":{"Gesch\u00e4tzte Lesezeit":"1\u00a0Minute"},"schema":{"@context":"https:\/\/schema.org","@graph":[{"@type":"WebPage","@id":"https:\/\/cantor-foerderverein.de\/index.php\/spenden\/","url":"https:\/\/cantor-foerderverein.de\/index.php\/spenden\/","name":"Spenden - Cantor-Foerderverein","isPartOf":{"@id":"https:\/\/cantor-foerderverein.de\/#website"},"datePublished":"2024-06-21T12:45:40+00:00","dateModified":"2024-07-01T11:28:44+00:00","breadcrumb":{"@id":"https:\/\/cantor-foerderverein.de\/index.php\/spenden\/#breadcrumb"},"inLanguage":"de","potentialAction":[{"@type":"ReadAction","target":["https:\/\/cantor-foerderverein.de\/index.php\/spenden\/"]}]},{"@type":"BreadcrumbList","@id":"https:\/\/cantor-foerderverein.de\/index.php\/spenden\/#breadcrumb","itemListElement":[{"@type":"ListItem","position":1,"name":"Startseite","item":"https:\/\/cantor-foerderverein.de\/"},{"@type":"ListItem","position":2,"name":"Spenden"}]},{"@type":"WebSite","@id":"https:\/\/cantor-foerderverein.de\/#website","url":"https:\/\/cantor-foerderverein.de\/","name":"Cantor-Foerderverein","description":"\u00a9 2024 F\u00f6rderverein des Georg-Cantor-Gymnasiums e.V.","publisher":{"@id":"https:\/\/cantor-foerderverein.de\/#organization"},"potentialAction":[{"@type":"SearchAction","target":{"@type":"EntryPoint","urlTemplate":"https:\/\/cantor-foerderverein.de\/?s={search_term_string}"},"query-input":{"@type":"PropertyValueSpecification","valueRequired":true,"valueName":"search_term_string"}}],"inLanguage":"de"},{"@type":"Organization","@id":"https:\/\/cantor-foerderverein.de\/#organization","name":"Cantor-Foerderverein","url":"https:\/\/cantor-foerderverein.de\/","logo":{"@type":"ImageObject","inLanguage":"de","@id":"https:\/\/cantor-foerderverein.de\/#\/schema\/logo\/image\/","url":"https:\/\/cantor-foerderverein.de\/wp-content\/uploads\/2024\/06\/Logo-Foerderverein.jpg","contentUrl":"https:\/\/cantor-foerderverein.de\/wp-content\/uploads\/2024\/06\/Logo-Foerderverein.jpg","width":819,"height":803,"caption":"Cantor-Foerderverein"},"image":{"@id":"https:\/\/cantor-foerderverein.de\/#\/schema\/logo\/image\/"}}]}},"_links":{"self":[{"href":"https:\/\/cantor-foerderverein.de\/index.php\/wp-json\/wp\/v2\/pages\/39","targetHints":{"allow":["GET"]}}],"collection":[{"href":"https:\/\/cantor-foerderverein.de\/index.php\/wp-json\/wp\/v2\/pages"}],"about":[{"href":"https:\/\/cantor-foerderverein.de\/index.php\/wp-json\/wp\/v2\/types\/page"}],"author":[{"embeddable":true,"href":"https:\/\/cantor-foerderverein.de\/index.php\/wp-json\/wp\/v2\/users\/1"}],"replies":[{"embeddable":true,"href":"https:\/\/cantor-foerderverein.de\/index.php\/wp-json\/wp\/v2\/comments?post=39"}],"version-history":[{"count":2,"href":"https:\/\/cantor-foerderverein.de\/index.php\/wp-json\/wp\/v2\/pages\/39\/revisions"}],"predecessor-version":[{"id":59,"href":"https:\/\/cantor-foerderverein.de\/index.php\/wp-json\/wp\/v2\/pages\/39\/revisions\/59"}],"wp:attachment":[{"href":"https:\/\/cantor-foerderverein.de\/index.php\/wp-json\/wp\/v2\/media?parent=39"}],"curies":[{"name":"wp","href":"https:\/\/api.w.org\/{rel}","templated":true}]}}