{"id":62,"date":"2024-07-31T13:36:15","date_gmt":"2024-07-31T13:36:15","guid":{"rendered":"https:\/\/cantor-foerderverein.de\/?page_id=62"},"modified":"2025-08-16T20:42:58","modified_gmt":"2025-08-16T20:42:58","slug":"e-books","status":"publish","type":"page","link":"https:\/\/cantor-foerderverein.de\/index.php\/e-books\/","title":{"rendered":"E-Books"},"content":{"rendered":"\n<div class=\"wp-block-group is-vertical is-layout-flex wp-container-core-group-is-layout-fe9cc265 wp-block-group-is-layout-flex\">\n<div class=\"wp-block-group has-base-color has-base-2-background-color has-text-color has-background has-link-color wp-elements-8e2510ed10e8dc4bf6bceb8adc12cff8 is-vertical is-layout-flex wp-container-core-group-is-layout-3c5f77ae wp-block-group-is-layout-flex\" style=\"padding-top:var(--wp--preset--spacing--10);padding-right:var(--wp--preset--spacing--10);padding-bottom:var(--wp--preset--spacing--10);padding-left:var(--wp--preset--spacing--10)\">\n<h2 class=\"wp-block-heading\">Aktuelles<\/h2>\n\n\n\n<p>Die Bereitstellung der bestellten E-Books f\u00fcr das Schuljahr 2025\/26 erfolgte in der ersten Schulwoche (11.-17. August 2025). Bitte beachten Sie die E-Mails an Ihre zur E-Book-Nutzung angegebene Mailadresse!<\/p>\n\n\n\n<p>Weitere Informationen und Anleitungen finden Sie unten.<\/p>\n<\/div>\n<\/div>\n\n\n\n<h2 class=\"wp-block-heading\">Warum E-Books?<\/h2>\n\n\n\n<p>E-Books sind digitale, identische Versionen des gedruckten Schulbuchs, die online, aber daneben auch offline auf PC, Mac, Tablet oder Smartphone genutzt werden k\u00f6nnen. Oft weisen sie Zusatzfunktionen wie Suche\/Markieren\/ Notizen sowie kostenfreie Video- und Audioinhalte auf. E-Books erleichtern den Schulrucksack: Das Lehrbuch kann im Spind in der Schule bleiben, zu Hause lernt man mit dem E-Book. Ab Klasse 10 k\u00f6nnen alle Sch\u00fclerinnen und Sch\u00fcler Tablets nutzen, auf denen neben allen Aufzeichnungen (Hefter-Ersatz) auch alle E-Books mitgef\u00fchrt werden.<br>E-Book-Lizenzen gelten jeweils f\u00fcr ein Schuljahr. Die Verlage haben jeweils eigene Online-Plattformen, bei denen man sich einmalig anmelden muss.<\/p>\n\n\n\n<h2 class=\"wp-block-heading\">Anleitungen<\/h2>\n\n\n\n<h3 class=\"wp-block-heading\">A. Erstmaliger Zugang zur Plattform lernen.cornelsen.de<\/h3>\n\n\n\n<p>(f\u00fcr F\u00fcnftkl\u00e4ssler und Newcomer)<\/p>\n\n\n\n<ol class=\"wp-block-list\">\n<li>Sobald wir den Sch\u00fcler oder die Sch\u00fclerin auf der Plattform mit Name und E-Mail eingetragen haben, erhalten diese eine E-Mail vom Cornelsen<br>Verlag mit dem Betreff &#8222;Willkommen bei Lernen.Cornelsen&#8220;.<\/li>\n\n\n\n<li>Bitte merken Sie sich den Nutzernamen (kann nicht ge\u00e4ndert werden!), er wird einige Jahre Bestand haben.<br>Nutzen Sie den Link in der E-Mail (&#8222;Passwort w\u00e4hlen&#8220;) zur Funktion &#8222;Passwort \u00e4ndern 1\/3&#8220; und dort den Button &#8222;Absenden&#8220;.<\/li>\n\n\n\n<li>Es folgt eine weitere E-Mail mit dem Betreff &#8222;Passwort zur\u00fccksetzen&#8220; und einem &#8222;pers\u00f6nlichen Link&#8220; (10 Minuten g\u00fcltig).<br>Nutzen Sie diesen Link zur Festlegung eines eigenen Passworts.<\/li>\n\n\n\n<li>Sie erhalten eine Best\u00e4tigungsmail mit dem Betreff &#8222;Passwort erfolgreich ge\u00e4ndert&#8220; und dem Link zur Anmeldung.<\/li>\n\n\n\n<li>Bitte merken Sie sich Nutzername, Passwort und den Anmelde-Link &#8222;<a href=\"https:\/\/lernen.cornelsen.de\/lernen\" target=\"_blank\" rel=\"noreferrer noopener\">lernen.cornelsen.de\/lernen<\/a>&#8222;!<\/li>\n<\/ol>\n\n\n\n<h3 class=\"wp-block-heading\">B. Nutzung der E-Book-Lizenzen auf lernen.cornelsen.de und offline<\/h3>\n\n\n\n<p>Sobald die Lizenzen auf <a href=\"https:\/\/lernen.cornelsen.de\" target=\"_blank\" rel=\"noreferrer noopener\">lernen.cornelsen.de<\/a> bereitstehen, teilen wir dies per E-Mail mit.<\/p>\n\n\n\n<h4 class=\"wp-block-heading\">Online-Nutzung<\/h4>\n\n\n\n<p>Gehen Sie im Browser auf <a href=\"https:\/\/lernen.cornelsen.de\/lernen\" target=\"_blank\" rel=\"noreferrer noopener\">lernen.cornelsen.de\/lernen<\/a> und w\u00e4hlen Sie &#8222;Cornelsen-Schulkonto&#8220;.<br>Nutzen Sie f\u00fcr die Anmeldung den vom Cornelsen-Verlag zugesandten Nutzernamen und Ihr daraufhin selbst gew\u00e4hltes Passwort.<br>Klicken Sie oben rechts auf &#8222;Bibliothek&#8220; &#8211; Ihre E-Books werden angezeigt. Sollten Sie Probleme mit dem Login haben oder bestellte E-Books vermissen, mailen Sie bitte an <a href=\"mailto:ebooks@cantor-foerderverein.de\" target=\"_blank\" rel=\"noreferrer noopener nofollow\">ebooks(at)cantor-foerderverein.de<\/a><\/p>\n\n\n\n<h4 class=\"wp-block-heading\">Offline-Nutzung<\/h4>\n\n\n\n<p>Eine Offline-Nutzung ist mit der Cornelsen Offline Lernen App unter Windows und macOS sowie mit der Cornelsen Lernen App unter iOS\/iPadOS und Android m\u00f6glich.<br>Den Download f\u00fcr die Cornelsen Offline Lernen App finden Sie in der Bibliothek:<br>\u00d6ffnen Sie ein E-Book, und im Men\u00fc (ganz oben rechts) sind die Download-Links f\u00fcr MacOS und Windows zu sehen.<br>Eine Schritt-f\u00fcr-Schritt-Anleitung des Verlages finden Sie hier:<\/p>\n\n\n\n<p><a href=\"https:\/\/www.cornelsen.de\/_Resources\/Persistent\/e\/a\/8\/d\/ea8db3095aa81d904861f7e08d2eae5a52e2f6cb\/0001100000220_DIGI_E-Book_Cornelsen_Offline_Lernen_Anleitung.pdf\" target=\"_blank\" rel=\"noreferrer noopener\">https:\/\/www.cornelsen.de\/_Resources\/Persistent\/e\/a\/8\/d\/ea8db3095aa81d904861f7e08d2eae5a52e2f6cb\/0001100000220_DIGI_E-Book_Cornelsen_Offline_Lernen_Anleitung.pdf<\/a><\/p>\n\n\n\n<p>Die Cornelsen Lernen App finden Sie im Apple App Store bzw. im Google Play Store. Bereits vorhandene Apps vor weiterer Nutzung bitte aktualisieren!<br>Melden Sie sich in der App mit Ihren Zugangsdaten f\u00fcr <a href=\"https:\/\/lernen.cornelsen.de\" target=\"_blank\" rel=\"noreferrer noopener\">lernen.cornelsen.de <\/a>(s.o.) an (wichtig: \u201eCornelsen-Schulkonto\u201c w\u00e4hlen!) und laden Sie Ihre E-Books herunter.<\/p>\n\n\n\n<p>Bitte beachten Sie, dass der F\u00f6rderverein keinen technischen Support leisten kann. Umfangreiche Informationen finden Sie unter <a href=\"https:\/\/www.cornelsen.de\/digital\/e-books\" target=\"_blank\" rel=\"noreferrer noopener\">https:\/\/www.cornelsen.de\/digital\/e-books <\/a>sowie unter <a href=\"https:\/\/www.cornelsen.de\/service\/kundenservice\/digitale-produkte\/e-books\" target=\"_blank\" rel=\"noreferrer noopener\">https:\/\/www.cornelsen.de\/service\/kundenservice\/digitale-produkte\/e-books<\/a>.<br><\/p>\n\n\n\n<h3 class=\"wp-block-heading\">C. Nutzung der E-Book-Lizenzen des Klett-Verlages<\/h3>\n\n\n\n<p>Die pers\u00f6nlichen Nutzer-Schl\u00fcssel f\u00fcr die E-Books des Klett-Verlages werden per E-Mail an die bei Bestellung angegebene Mailadresse versandt.<\/p>\n\n\n\n<ol class=\"wp-block-list\">\n<li><strong>Registrierung<\/strong> bei <a href=\"https:\/\/schueler.klett.de\" target=\"_blank\" rel=\"noreferrer noopener\">https:\/\/schueler.klett.de<\/a><br>Wenn Sie noch keinen Sch\u00fcler-Account beim Klett-Verlag haben, gehen Sie auf<a href=\"https:\/\/schueler.klett.de\" target=\"_blank\" rel=\"noreferrer noopener\"> https:\/\/schueler.klett.de<\/a> und w\u00e4hlen oben rechts<br>&#8222;Registrieren&#8220;. Bitte geben Sie Ihre E-Mail-Adresse sowie ein selbstgew\u00e4hltes Passwort an. Sie erhalten eine Best\u00e4tigungsmail vom Klett-Verlag.<\/li>\n<\/ol>\n\n\n\n<p>2. <strong>Anmelden<\/strong> und Nutzer-Schl\u00fcssel einl\u00f6sen<\/p>\n\n\n\n<p>Nach erfolgreicher Registrierung k\u00f6nnen Sie sich bei <a href=\"https:\/\/schueler.klett.de\" target=\"_blank\" rel=\"noreferrer noopener\">https:\/\/schueler.klett.de<\/a> mit E-Mail-Adresse und Passwort &#8222;Anmelden&#8220; (oben rechts).<br>Es erscheint &#8222;Mein Arbeitsplatz&#8220; mit einem Eingabefeld zum Einl\u00f6sen des Nutzer-Schl\u00fcssels. Bitte kopieren Sie den per Mail vom F\u00f6rderverein erhaltenen Schl\u00fcssel dort hinein und klicken Sie &#8222;Einl\u00f6sen&#8220;.<\/p>\n\n\n\n<h4 class=\"wp-block-heading\">Online-Nutzung<\/h4>\n\n\n\n<p>Nach Einl\u00f6sen des Nutzerschl\u00fcssels erscheint das E-Book auf &#8222;Mein Arbeitsplatz&#8220; und kann aufgerufen werden.<\/p>\n\n\n\n<h4 class=\"wp-block-heading\">Offline-Nutzung<\/h4>\n\n\n\n<p>Das E-Book kann in der Klett Lernen App offline genutzt werden. Diese ist f\u00fcr Windows, Windows Tablets, macOS, iOS und Android verf\u00fcgbar.<br>Download-Links und weitere Hinweise finden Sie unter <a href=\"https:\/\/www.klett.de\/inhalt\/klett-lernen\/158307\" target=\"_blank\" rel=\"noreferrer noopener\">https:\/\/www.klett.de\/inhalt\/klett-lernen\/158307<\/a><br><\/p>\n\n\n\n<p>Bitte beachten Sie, dass der F\u00f6rderverein keinen technischen Support leisten kann. Informationen finden Sie unter <a href=\"https:\/\/hilfe.klett.de\/hc\/de\/sections\/360006697951-eBook\" target=\"_blank\" rel=\"noreferrer noopener\">https:\/\/hilfe.klett.de\/hc\/de\/sections\/360006697951-eBook<\/a><\/p>\n\n\n\n<h3 class=\"wp-block-heading\">D. Nutzung der E-Book-Lizenzen des C.C.Buchner-Verlags<\/h3>\n\n\n\n<p>Die pers\u00f6nlichen Nutzer-Schl\u00fcssel f\u00fcr die E-Books des C.C.Buchner-Verlages werden per E-Mail an die bei Bestellung angegebene Mailadresse versandt.<\/p>\n\n\n\n<ol class=\"wp-block-list\">\n<li><strong>Registrierung<\/strong> bei <a href=\"https:\/\/www.click-and-study.de\" target=\"_blank\" rel=\"noreferrer noopener\">https:\/\/www.click-and-study.de<\/a><br>Wenn Sie noch keinen Sch\u00fcler-Account beim C.C.Buchner-Verlag haben, gehen Sie auf<a href=\"https:\/\/www.click-and-study.de\" target=\"_blank\" rel=\"noreferrer noopener\"> https:\/\/www.click-and-study.de<\/a> und w\u00e4hlen oben rechts &#8222;Anmelden&#8220;, dann &#8222;Registrieren&#8220;. Geben Sie Ihre E-Mail-Adresse ein, danach die weiteren erforderlichen Angaben. Nach dem Klick auf &#8222;registrieren&#8220; werden Sie zur Anmeldung weitergeleitet.<\/li>\n<\/ol>\n\n\n\n<p>2. <strong>Anmelden<\/strong> und Nutzer-Schl\u00fcssel einl\u00f6sen<\/p>\n\n\n\n<p>Nach erfolgreicher Registrierung k\u00f6nnen Sie sich bei <a href=\"https:\/\/www.click-and-study.de\" target=\"_blank\" rel=\"noreferrer noopener\">https:\/\/www.click-and-study.de<\/a> mit E-Mail-Adresse und Passwort &#8222;Anmelden&#8220; (oben rechts, dann &#8222;jetzt anmelden&#8220;).<br>Es erscheint &#8222;Meine B\u00fccher&#8220; mit einem blauen Button zum Freischalten des E-Books. Bitte kopieren Sie dann den per Mail vom F\u00f6rderverein erhaltenen Freischaltcode hinein und klicken Sie &#8222;Buch freischalten&#8220;.<\/p>\n\n\n\n<h4 class=\"wp-block-heading\">Online-Nutzung<\/h4>\n\n\n\n<p>Nach Einl\u00f6sen des Nutzerschl\u00fcssels erscheint das E-Book auf &#8222;Meine B\u00fccher&#8220; und kann aufgerufen werden.<\/p>\n\n\n\n<h4 class=\"wp-block-heading\">Offline-Nutzung<\/h4>\n\n\n\n<p>Das E-Book kann in der click &amp; study App offline genutzt werden. Diese ist f\u00fcr Windows, iOS und Android verf\u00fcgbar.<br>Download-Links und weitere Hinweise finden Sie unter <a href=\"https:\/\/www.click-and-study.de\" target=\"_blank\" rel=\"noreferrer noopener\">https:\/\/www.click-and-study.de<\/a>. Bereits vorhandene Apps vor Nutzung bitte aktualisieren.<br><\/p>\n\n\n\n<p>Bitte beachten Sie, dass der F\u00f6rderverein keinen technischen Support leisten kann. Informationen finden Sie unter <a href=\"https:\/\/www.click-and-study.de\/Was-ist-click-and-study\" target=\"_blank\" rel=\"noreferrer noopener\">https:\/\/www.click-and-study.de\/Was-ist-click-and-study<\/a><\/p>\n\n\n\n<h3 class=\"wp-block-heading\">E. Weitere E-Books<\/h3>\n\n\n\n<p>Der F\u00f6rderverein kann nur die Lizenzen f\u00fcr Lehrb\u00fccher des Cornelsen- und des Klett-Verlages kaufen und bereitstellen. F\u00fcr viele andere Lehrb\u00fccher gibt es ebenfalls E-Books, welche Sie privat erwerben k\u00f6nnen. Eine Liste aller Schulb\u00fccher finden Sie <a href=\"https:\/\/cantor-foerderverein.de\/wp-content\/uploads\/2025\/08\/Schulbuchliste_2025-26_Stand_20250502.xlsx\" target=\"_blank\" rel=\"noreferrer noopener nofollow\">hier<\/a> (Download). Bitte beachten Sie, dass jede Verlagsgruppe eigene Plattformen und Apps nutzt. Sie ben\u00f6tigen \u00fcblicherweise einen Eltern-Account f\u00fcr den Kauf der E-Books und einen Sch\u00fcler-Account f\u00fcr die Nutzung.<br><\/p>\n\n\n\n<h2 class=\"wp-block-heading\">Kontakt<\/h2>\n\n\n\n<p>Bei Fragen schreiben Sie uns gerne eine Mail: <a href=\"mailto:ebooks@cantor-foerderverein.de\">ebooks(at)cantor-foerderverein.de<\/a><\/p>\n","protected":false},"excerpt":{"rendered":"<p>Aktuelles Die Bereitstellung der bestellten E-Books f\u00fcr das Schuljahr 2025\/26 erfolgte in der ersten Schulwoche (11.-17. August 2025). Bitte beachten Sie die E-Mails an Ihre zur E-Book-Nutzung angegebene Mailadresse! Weitere Informationen und Anleitungen finden Sie unten. Warum E-Books? E-Books sind digitale, identische Versionen des gedruckten Schulbuchs, die online, aber daneben auch offline auf PC, Mac, [&hellip;]<\/p>\n","protected":false},"author":1,"featured_media":0,"parent":0,"menu_order":0,"comment_status":"closed","ping_status":"closed","template":"","meta":{"footnotes":""},"class_list":["post-62","page","type-page","status-publish","hentry"],"yoast_head":"<!-- This site is optimized with the Yoast SEO plugin v27.0 - https:\/\/yoast.com\/product\/yoast-seo-wordpress\/ -->\n<title>E-Books - Cantor-Foerderverein<\/title>\n<meta name=\"robots\" content=\"index, follow, max-snippet:-1, max-image-preview:large, max-video-preview:-1\" \/>\n<link rel=\"canonical\" href=\"https:\/\/cantor-foerderverein.de\/index.php\/e-books\/\" \/>\n<meta property=\"og:locale\" content=\"de_DE\" \/>\n<meta property=\"og:type\" content=\"article\" \/>\n<meta property=\"og:title\" content=\"E-Books - Cantor-Foerderverein\" \/>\n<meta property=\"og:description\" content=\"Aktuelles Die Bereitstellung der bestellten E-Books f\u00fcr das Schuljahr 2025\/26 erfolgte in der ersten Schulwoche (11.-17. August 2025). Bitte beachten Sie die E-Mails an Ihre zur E-Book-Nutzung angegebene Mailadresse! Weitere Informationen und Anleitungen finden Sie unten. Warum E-Books? E-Books sind digitale, identische Versionen des gedruckten Schulbuchs, die online, aber daneben auch offline auf PC, Mac, [&hellip;]\" \/>\n<meta property=\"og:url\" content=\"https:\/\/cantor-foerderverein.de\/index.php\/e-books\/\" \/>\n<meta property=\"og:site_name\" content=\"Cantor-Foerderverein\" \/>\n<meta property=\"article:modified_time\" content=\"2025-08-16T20:42:58+00:00\" \/>\n<meta name=\"twitter:card\" content=\"summary_large_image\" \/>\n<meta name=\"twitter:label1\" content=\"Gesch\u00e4tzte Lesezeit\" \/>\n\t<meta name=\"twitter:data1\" content=\"5\u00a0Minuten\" \/>\n<script type=\"application\/ld+json\" class=\"yoast-schema-graph\">{\"@context\":\"https:\/\/schema.org\",\"@graph\":[{\"@type\":\"WebPage\",\"@id\":\"https:\/\/cantor-foerderverein.de\/index.php\/e-books\/\",\"url\":\"https:\/\/cantor-foerderverein.de\/index.php\/e-books\/\",\"name\":\"E-Books - Cantor-Foerderverein\",\"isPartOf\":{\"@id\":\"https:\/\/cantor-foerderverein.de\/#website\"},\"datePublished\":\"2024-07-31T13:36:15+00:00\",\"dateModified\":\"2025-08-16T20:42:58+00:00\",\"breadcrumb\":{\"@id\":\"https:\/\/cantor-foerderverein.de\/index.php\/e-books\/#breadcrumb\"},\"inLanguage\":\"de\",\"potentialAction\":[{\"@type\":\"ReadAction\",\"target\":[\"https:\/\/cantor-foerderverein.de\/index.php\/e-books\/\"]}]},{\"@type\":\"BreadcrumbList\",\"@id\":\"https:\/\/cantor-foerderverein.de\/index.php\/e-books\/#breadcrumb\",\"itemListElement\":[{\"@type\":\"ListItem\",\"position\":1,\"name\":\"Startseite\",\"item\":\"https:\/\/cantor-foerderverein.de\/\"},{\"@type\":\"ListItem\",\"position\":2,\"name\":\"E-Books\"}]},{\"@type\":\"WebSite\",\"@id\":\"https:\/\/cantor-foerderverein.de\/#website\",\"url\":\"https:\/\/cantor-foerderverein.de\/\",\"name\":\"Cantor-Foerderverein\",\"description\":\"\u00a9 2024 F\u00f6rderverein des Georg-Cantor-Gymnasiums e.V.\",\"publisher\":{\"@id\":\"https:\/\/cantor-foerderverein.de\/#organization\"},\"potentialAction\":[{\"@type\":\"SearchAction\",\"target\":{\"@type\":\"EntryPoint\",\"urlTemplate\":\"https:\/\/cantor-foerderverein.de\/?s={search_term_string}\"},\"query-input\":{\"@type\":\"PropertyValueSpecification\",\"valueRequired\":true,\"valueName\":\"search_term_string\"}}],\"inLanguage\":\"de\"},{\"@type\":\"Organization\",\"@id\":\"https:\/\/cantor-foerderverein.de\/#organization\",\"name\":\"Cantor-Foerderverein\",\"url\":\"https:\/\/cantor-foerderverein.de\/\",\"logo\":{\"@type\":\"ImageObject\",\"inLanguage\":\"de\",\"@id\":\"https:\/\/cantor-foerderverein.de\/#\/schema\/logo\/image\/\",\"url\":\"https:\/\/cantor-foerderverein.de\/wp-content\/uploads\/2024\/06\/Logo-Foerderverein.jpg\",\"contentUrl\":\"https:\/\/cantor-foerderverein.de\/wp-content\/uploads\/2024\/06\/Logo-Foerderverein.jpg\",\"width\":819,\"height\":803,\"caption\":\"Cantor-Foerderverein\"},\"image\":{\"@id\":\"https:\/\/cantor-foerderverein.de\/#\/schema\/logo\/image\/\"}}]}<\/script>\n<!-- \/ Yoast SEO plugin. -->","yoast_head_json":{"title":"E-Books - Cantor-Foerderverein","robots":{"index":"index","follow":"follow","max-snippet":"max-snippet:-1","max-image-preview":"max-image-preview:large","max-video-preview":"max-video-preview:-1"},"canonical":"https:\/\/cantor-foerderverein.de\/index.php\/e-books\/","og_locale":"de_DE","og_type":"article","og_title":"E-Books - Cantor-Foerderverein","og_description":"Aktuelles Die Bereitstellung der bestellten E-Books f\u00fcr das Schuljahr 2025\/26 erfolgte in der ersten Schulwoche (11.-17. August 2025). Bitte beachten Sie die E-Mails an Ihre zur E-Book-Nutzung angegebene Mailadresse! Weitere Informationen und Anleitungen finden Sie unten. Warum E-Books? E-Books sind digitale, identische Versionen des gedruckten Schulbuchs, die online, aber daneben auch offline auf PC, Mac, [&hellip;]","og_url":"https:\/\/cantor-foerderverein.de\/index.php\/e-books\/","og_site_name":"Cantor-Foerderverein","article_modified_time":"2025-08-16T20:42:58+00:00","twitter_card":"summary_large_image","twitter_misc":{"Gesch\u00e4tzte Lesezeit":"5\u00a0Minuten"},"schema":{"@context":"https:\/\/schema.org","@graph":[{"@type":"WebPage","@id":"https:\/\/cantor-foerderverein.de\/index.php\/e-books\/","url":"https:\/\/cantor-foerderverein.de\/index.php\/e-books\/","name":"E-Books - Cantor-Foerderverein","isPartOf":{"@id":"https:\/\/cantor-foerderverein.de\/#website"},"datePublished":"2024-07-31T13:36:15+00:00","dateModified":"2025-08-16T20:42:58+00:00","breadcrumb":{"@id":"https:\/\/cantor-foerderverein.de\/index.php\/e-books\/#breadcrumb"},"inLanguage":"de","potentialAction":[{"@type":"ReadAction","target":["https:\/\/cantor-foerderverein.de\/index.php\/e-books\/"]}]},{"@type":"BreadcrumbList","@id":"https:\/\/cantor-foerderverein.de\/index.php\/e-books\/#breadcrumb","itemListElement":[{"@type":"ListItem","position":1,"name":"Startseite","item":"https:\/\/cantor-foerderverein.de\/"},{"@type":"ListItem","position":2,"name":"E-Books"}]},{"@type":"WebSite","@id":"https:\/\/cantor-foerderverein.de\/#website","url":"https:\/\/cantor-foerderverein.de\/","name":"Cantor-Foerderverein","description":"\u00a9 2024 F\u00f6rderverein des Georg-Cantor-Gymnasiums e.V.","publisher":{"@id":"https:\/\/cantor-foerderverein.de\/#organization"},"potentialAction":[{"@type":"SearchAction","target":{"@type":"EntryPoint","urlTemplate":"https:\/\/cantor-foerderverein.de\/?s={search_term_string}"},"query-input":{"@type":"PropertyValueSpecification","valueRequired":true,"valueName":"search_term_string"}}],"inLanguage":"de"},{"@type":"Organization","@id":"https:\/\/cantor-foerderverein.de\/#organization","name":"Cantor-Foerderverein","url":"https:\/\/cantor-foerderverein.de\/","logo":{"@type":"ImageObject","inLanguage":"de","@id":"https:\/\/cantor-foerderverein.de\/#\/schema\/logo\/image\/","url":"https:\/\/cantor-foerderverein.de\/wp-content\/uploads\/2024\/06\/Logo-Foerderverein.jpg","contentUrl":"https:\/\/cantor-foerderverein.de\/wp-content\/uploads\/2024\/06\/Logo-Foerderverein.jpg","width":819,"height":803,"caption":"Cantor-Foerderverein"},"image":{"@id":"https:\/\/cantor-foerderverein.de\/#\/schema\/logo\/image\/"}}]}},"_links":{"self":[{"href":"https:\/\/cantor-foerderverein.de\/index.php\/wp-json\/wp\/v2\/pages\/62","targetHints":{"allow":["GET"]}}],"collection":[{"href":"https:\/\/cantor-foerderverein.de\/index.php\/wp-json\/wp\/v2\/pages"}],"about":[{"href":"https:\/\/cantor-foerderverein.de\/index.php\/wp-json\/wp\/v2\/types\/page"}],"author":[{"embeddable":true,"href":"https:\/\/cantor-foerderverein.de\/index.php\/wp-json\/wp\/v2\/users\/1"}],"replies":[{"embeddable":true,"href":"https:\/\/cantor-foerderverein.de\/index.php\/wp-json\/wp\/v2\/comments?post=62"}],"version-history":[{"count":32,"href":"https:\/\/cantor-foerderverein.de\/index.php\/wp-json\/wp\/v2\/pages\/62\/revisions"}],"predecessor-version":[{"id":272,"href":"https:\/\/cantor-foerderverein.de\/index.php\/wp-json\/wp\/v2\/pages\/62\/revisions\/272"}],"wp:attachment":[{"href":"https:\/\/cantor-foerderverein.de\/index.php\/wp-json\/wp\/v2\/media?parent=62"}],"curies":[{"name":"wp","href":"https:\/\/api.w.org\/{rel}","templated":true}]}}